{"id":78,"date":"2021-09-25T12:34:45","date_gmt":"2021-09-25T11:34:45","guid":{"rendered":"http:\/\/villa-futura.de\/?page_id=78"},"modified":"2021-09-25T12:36:50","modified_gmt":"2021-09-25T11:36:50","slug":"literaturliste-kurze-einfuehrung-in-die-entwicklungspsychologie","status":"publish","type":"page","link":"https:\/\/villa-futura.de\/?page_id=78","title":{"rendered":"Literaturliste: Kurze Einf\u00fchrung in die Entwicklungspsychologie"},"content":{"rendered":"\n<p>Empfohlene Literaturliste zum Nachlesen<\/p>\n\n\n\n<ul><li>Beins, Hans J\u00fcrgen: Kinder lernen in Bewegung, Borgmann Verlag<br><iframe scrolling=\"no\" frameBorder=\"0\" src=\"\/\/ws-eu.amazon-adsystem.com\/widgets\/q?ServiceVersion=20070822&OneJS=1&Operation=GetAdHtml&MarketPlace=DE&source=ac&ref=tf_til&ad_type=product_link&tracking_id=villafutura-21&marketplace=amazon&region=DE&placement=3938187247&asins=3938187247\r\n\t\t\t&show_border=false&link_opens_in_new_window=true&price_color=333333&title_color=0066C0&bg_color=FFFFFF\" marginheight=\"0\" marginwidth=\"0\" style=\"width:auto; height:240px; background-color:#FFFFFF\" class=\"amazon-einzeltitel\"><\/iframe><\/li><li>Mock-Eibeck, Anja: KurzCheck Motorische Entwicklung von Kindern, Handwerk und Technik<br><iframe scrolling=\"no\" frameBorder=\"0\" src=\"\/\/ws-eu.amazon-adsystem.com\/widgets\/q?ServiceVersion=20070822&OneJS=1&Operation=GetAdHtml&MarketPlace=DE&source=ac&ref=tf_til&ad_type=product_link&tracking_id=villafutura-21&marketplace=amazon&region=DE&placement=3582047210&asins=3582047210\r\n\t\t\t&show_border=false&link_opens_in_new_window=true&price_color=333333&title_color=0066C0&bg_color=FFFFFF\" marginheight=\"0\" marginwidth=\"0\" style=\"width:auto; height:240px; background-color:#FFFFFF\" class=\"amazon-einzeltitel\"><\/iframe><\/li><li>Mock-Eibeck, Anja: KurzCheck Kognitive Entwicklung von Kindern, Handwerk und Technik Verlag<br><iframe scrolling=\"no\" frameBorder=\"0\" src=\"\/\/ws-eu.amazon-adsystem.com\/widgets\/q?ServiceVersion=20070822&OneJS=1&Operation=GetAdHtml&MarketPlace=DE&source=ac&ref=tf_til&ad_type=product_link&tracking_id=villafutura-21&marketplace=amazon&region=DE&placement=3582047237&asins=3582047237\r\n\t\t\t&show_border=false&link_opens_in_new_window=true&price_color=333333&title_color=0066C0&bg_color=FFFFFF\" marginheight=\"0\" marginwidth=\"0\" style=\"width:auto; height:240px; background-color:#FFFFFF\" class=\"amazon-einzeltitel\"><\/iframe><\/li><li>Mock-Eibeck, Anja: KurzCheck Sozial-emotionale Entwicklung von Kindern, Handwerk und Technik Verlag<br><iframe scrolling=\"no\" frameBorder=\"0\" src=\"\/\/ws-eu.amazon-adsystem.com\/widgets\/q?ServiceVersion=20070822&OneJS=1&Operation=GetAdHtml&MarketPlace=DE&source=ac&ref=tf_til&ad_type=product_link&tracking_id=villafutura-21&marketplace=amazon&region=DE&placement=3582047229&asins=3582047229\r\n\t\t\t&show_border=false&link_opens_in_new_window=true&price_color=333333&title_color=0066C0&bg_color=FFFFFF\" marginheight=\"0\" marginwidth=\"0\" style=\"width:auto; height:240px; background-color:#FFFFFF\" class=\"amazon-einzeltitel\"><\/iframe><\/li><li>Haug.Schnabel, Gabriele, Bensel, Joachim: Grundlagen der Entwicklungspsychologie: Die ersten 10 Lebensjahre, Herder Verlag<br><iframe scrolling=\"no\" frameBorder=\"0\" src=\"\/\/ws-eu.amazon-adsystem.com\/widgets\/q?ServiceVersion=20070822&OneJS=1&Operation=GetAdHtml&MarketPlace=DE&source=ac&ref=tf_til&ad_type=product_link&tracking_id=villafutura-21&marketplace=amazon&region=DE&placement=3451329603&asins=3451329603\r\n\t\t\t&show_border=false&link_opens_in_new_window=true&price_color=333333&title_color=0066C0&bg_color=FFFFFF\" marginheight=\"0\" marginwidth=\"0\" style=\"width:auto; height:240px; background-color:#FFFFFF\" class=\"amazon-einzeltitel\"><\/iframe><\/li><li>\u00a0GfBM e.V. Dr.-Sven-Walter-Institut f\u00fcr Sprachf\u00f6rderung und interkulturelle Kommunikation Berlin: Duden Das Kindergarten-W\u00f6rterbuch: Spielerische Sprachf\u00f6rderung. Die wichtigsten 3.000 W\u00f6rter f\u00fcr Kindergartenkinder, Duden Verlag<br><iframe scrolling=\"no\" frameBorder=\"0\" src=\"\/\/ws-eu.amazon-adsystem.com\/widgets\/q?ServiceVersion=20070822&OneJS=1&Operation=GetAdHtml&MarketPlace=DE&source=ac&ref=tf_til&ad_type=product_link&tracking_id=villafutura-21&marketplace=amazon&region=DE&placement=3411730218&asins=3411730218\r\n\t\t\t&show_border=false&link_opens_in_new_window=true&price_color=333333&title_color=0066C0&bg_color=FFFFFF\" marginheight=\"0\" marginwidth=\"0\" style=\"width:auto; height:240px; background-color:#FFFFFF\" class=\"amazon-einzeltitel\"><\/iframe><\/li><li>Egger, Dietrich unter Mitwirkung von Reichenbach, Christina und L\u00fccking, Christina: Von den St\u00e4rken ausgehen...: Individuelle Entwicklungspl\u00e4ne in der Lernf\u00f6rderungsdiagnostik. Mit CD-ROM, Borgmann Velag<br><iframe scrolling=\"no\" frameBorder=\"0\" src=\"\/\/ws-eu.amazon-adsystem.com\/widgets\/q?ServiceVersion=20070822&OneJS=1&Operation=GetAdHtml&MarketPlace=DE&source=ac&ref=tf_til&ad_type=product_link&tracking_id=villafutura-21&marketplace=amazon&region=DE&placement=386145291X&asins=386145291X\r\n\t\t\t&show_border=false&link_opens_in_new_window=true&price_color=333333&title_color=0066C0&bg_color=FFFFFF\" marginheight=\"0\" marginwidth=\"0\" style=\"width:auto; height:240px; background-color:#FFFFFF\" class=\"amazon-einzeltitel\"><\/iframe><\/li><li>Zimmermann, Antje: Ganzheitliche Wahrnehmungsf\u00f6rderung bei Kindern mit Entwicklungsproblemen: M\u00f6glichkeiten der sensomotorischen Integration und Ans\u00e4tze zu ihrer Weiterentwicklung, Verlag modernes Lernen<br><iframe scrolling=\"no\" frameBorder=\"0\" src=\"\/\/ws-eu.amazon-adsystem.com\/widgets\/q?ServiceVersion=20070822&OneJS=1&Operation=GetAdHtml&MarketPlace=DE&source=ac&ref=tf_til&ad_type=product_link&tracking_id=villafutura-21&marketplace=amazon&region=DE&placement=3808004266&asins=3808004266\r\n\t\t\t&show_border=false&link_opens_in_new_window=true&price_color=333333&title_color=0066C0&bg_color=FFFFFF\" marginheight=\"0\" marginwidth=\"0\" style=\"width:auto; height:240px; background-color:#FFFFFF\" class=\"amazon-einzeltitel\"><\/iframe><\/li><\/ul>\n","protected":false},"excerpt":{"rendered":"<p>Empfohlene Literaturliste zum Nachlesen Beins, Hans J\u00fcrgen: Kinder lernen in Bewegung, Borgmann Verlag Mock-Eibeck, Anja: KurzCheck Motorische Entwicklung von Kindern, Handwerk und Technik Mock-Eibeck, Anja: KurzCheck Kognitive Entwicklung von Kindern, Handwerk und Technik Verlag Mock-Eibeck, Anja: KurzCheck Sozial-emotionale Entwicklung von Kindern, Handwerk und Technik Verlag Haug.Schnabel, Gabriele, Bensel, Joachim: Grundlagen der Entwicklungspsychologie: Die ersten 10 <a href=\"https:\/\/villa-futura.de\/?page_id=78\" class=\"more-link\">...weiterlesen<span class=\"screen-reader-text\"> \"Literaturliste: Kurze Einf\u00fchrung in die Entwicklungspsychologie\"<\/span><\/a><\/p>\n","protected":false},"author":1,"featured_media":0,"parent":13,"menu_order":0,"comment_status":"closed","ping_status":"closed","template":"","meta":{"footnotes":""},"_links":{"self":[{"href":"https:\/\/villa-futura.de\/index.php?rest_route=\/wp\/v2\/pages\/78"}],"collection":[{"href":"https:\/\/villa-futura.de\/index.php?rest_route=\/wp\/v2\/pages"}],"about":[{"href":"https:\/\/villa-futura.de\/index.php?rest_route=\/wp\/v2\/types\/page"}],"author":[{"embeddable":true,"href":"https:\/\/villa-futura.de\/index.php?rest_route=\/wp\/v2\/users\/1"}],"replies":[{"embeddable":true,"href":"https:\/\/villa-futura.de\/index.php?rest_route=%2Fwp%2Fv2%2Fcomments&post=78"}],"version-history":[{"count":2,"href":"https:\/\/villa-futura.de\/index.php?rest_route=\/wp\/v2\/pages\/78\/revisions"}],"predecessor-version":[{"id":81,"href":"https:\/\/villa-futura.de\/index.php?rest_route=\/wp\/v2\/pages\/78\/revisions\/81"}],"up":[{"embeddable":true,"href":"https:\/\/villa-futura.de\/index.php?rest_route=\/wp\/v2\/pages\/13"}],"wp:attachment":[{"href":"https:\/\/villa-futura.de\/index.php?rest_route=%2Fwp%2Fv2%2Fmedia&parent=78"}],"curies":[{"name":"wp","href":"https:\/\/api.w.org\/{rel}","templated":true}]}}